{"id":36,"date":"2024-12-11T11:28:08","date_gmt":"2024-12-11T10:28:08","guid":{"rendered":"https:\/\/trotamundos.lrembecki.pl\/?page_id=36"},"modified":"2024-12-21T18:34:16","modified_gmt":"2024-12-21T17:34:16","slug":"glowna","status":"publish","type":"page","link":"https:\/\/trotamundos.lrembecki.pl\/","title":{"rendered":"Trotamundos &#8211; Kreatorzy podr\u00f3\u017cy"},"content":{"rendered":"\n<h2 class=\"wp-block-heading has-text-align-center\">Jak dzia\u0142amy<\/h2>\n\n\n\n<div class=\"wp-block-columns is-layout-flex wp-container-core-columns-is-layout-28f84493 wp-block-columns-is-layout-flex\">\n<div class=\"wp-block-column is-layout-flow wp-block-column-is-layout-flow\" style=\"flex-basis:66.66%\">\n<p class=\"has-text-align-left\">Siema! Na pocz\u0105tek ciut o nas\u2026<\/p>\n\n\n\n<p class=\"has-text-align-left\">Nazywamy si\u0119 Laura i Jakub Karpowicz. Poznali\u015bmy si\u0119 w 2014 roku na \u0142\u00f3dzkich Juwenaliach. Od razu po\u0142\u0105czy\u0142a nas nie tylko mi\u0142o\u015b\u0107 do siebie nawzajem a te\u017c mi\u0142o\u015b\u0107 do podr\u00f3\u017cy. W 2016 roku zar\u0119czyli\u015bmy si\u0119 w Emiratach Arabskich, a w 2022 wzi\u0119li\u015bmy \u015blub w raju &#8211; na Hawajach. Poza tymi najwa\u017cniejszymi dla nas podr\u00f3\u017cami mieli\u015bmy okazj\u0119 zobaczy\u0107 jeszcze par\u0119 r\u00f3wnie ciekawych zak\u0105tk\u00f3w <img loading=\"lazy\" decoding=\"async\" height=\"16\" width=\"16\" alt=\"\ud83c\udf0e\" src=\"https:\/\/static.xx.fbcdn.net\/images\/emoji.php\/v9\/tc0\/1\/16\/1f30e.png\"><\/p>\n\n\n\n<p class=\"has-text-align-left\">Chcemy si\u0119 z Wami podzieli\u0107 naszymi wspomnieniami, relacjami z podr\u00f3\u017cy, do\u015bwiadczeniem i radami &#8211; jak podr\u00f3\u017cowa\u0107 poza utartym szlakiem, ale te\u017c taniej!<\/p>\n\n\n\n<p class=\"has-text-align-left\">Mo\u017cemy zosta\u0107 Twoimi podr\u00f3\u017cniczymi asystentami oraz stworzy\u0107 dla Ciebie i Twojej ekipy niezapomnian\u0105 wypraw\u0119, wyjazd integracyjny, rodzinne wakacje, urodziny czy inne wydarzenie na kra\u0144cu <img loading=\"lazy\" decoding=\"async\" height=\"16\" width=\"16\" alt=\"\ud83c\udf0f\" src=\"https:\/\/static.xx.fbcdn.net\/images\/emoji.php\/v9\/t41\/1\/16\/1f30f.png\"><\/p>\n\n\n\n<p class=\"has-text-align-left\">Mamy nadziej\u0119, \u017ce r\u00f3wnie\u017c Was zarazimy nasz\u0105 pasj\u0105 <img loading=\"lazy\" decoding=\"async\" height=\"16\" width=\"16\" src=\"https:\/\/static.xx.fbcdn.net\/images\/emoji.php\/v9\/tb6\/1\/16\/2708.png\" alt=\"\u2708\ufe0f\"><\/p>\n<\/div>\n\n\n\n<div class=\"wp-block-column is-layout-flow wp-block-column-is-layout-flow\" style=\"flex-basis:33.33%\">\n<figure class=\"wp-block-image size-large\"><img decoding=\"async\" src=\"https:\/\/scontent-waw2-1.xx.fbcdn.net\/v\/t39.30808-6\/469124500_122167983272270517_7451422229361383167_n.jpg?stp=dst-jpg_s600x600_tt6&amp;_nc_cat=108&amp;ccb=1-7&amp;_nc_sid=127cfc&amp;_nc_ohc=H_jy7R6HajIQ7kNvgH_v8oV&amp;_nc_zt=23&amp;_nc_ht=scontent-waw2-1.xx&amp;_nc_gid=AiZEhQCQeEpfTeu5oEwokch&amp;oh=00_AYD6aOU6pt1UaIrVc78D_jvrSzcCksEBzUTfp21mp84iwQ&amp;oe=675F5136\" alt=\"\"\/><\/figure>\n<\/div>\n<\/div>\n\n\n\n<p class=\"has-text-align-left\"><\/p>\n\n\n\n<h2 class=\"wp-block-heading has-text-align-center\">Galeria<\/h2>\n\n\n\n<div class=\"wp-block-columns is-layout-flex wp-container-core-columns-is-layout-28f84493 wp-block-columns-is-layout-flex\">\n<div class=\"wp-block-column is-layout-flow wp-block-column-is-layout-flow\">\n<figure class=\"wp-block-video\"><video height=\"478\" style=\"aspect-ratio: 848 \/ 478;\" width=\"848\" controls src=\"http:\/\/trotamundos.lrembecki.pl\/wp-content\/uploads\/2024\/12\/na-stronke-1.mp4\"><\/video><\/figure>\n<\/div>\n\n\n\n<div class=\"wp-block-column is-layout-flow wp-block-column-is-layout-flow\">\n<figure class=\"wp-block-video\"><video height=\"1080\" style=\"aspect-ratio: 1920 \/ 1080;\" width=\"1920\" controls src=\"http:\/\/trotamundos.lrembecki.pl\/wp-content\/uploads\/2024\/12\/na-stronke-3.mp4\"><\/video><\/figure>\n<\/div>\n\n\n\n<div class=\"wp-block-column is-layout-flow wp-block-column-is-layout-flow\">\n<figure class=\"wp-block-video\"><video height=\"1080\" style=\"aspect-ratio: 1920 \/ 1080;\" width=\"1920\" controls src=\"http:\/\/trotamundos.lrembecki.pl\/wp-content\/uploads\/2024\/12\/na-stronke-4.mp4\"><\/video><\/figure>\n<\/div>\n<\/div>\n\n\n\n<h2 class=\"wp-block-heading\">Opinie Klient\u00f3w<\/h2>\n\n\n<div class=\"has-avatars has-dates has-excerpts no-comments wp-block-latest-comments\">Brak komentarzy do wy\u015bwietlenia.<\/div>\n\n<div ><style id=\"wp_carousel_dynamic_css119\">#sp-wp-carousel-free-id-119 .wpcp-swiper-dots {margin: 40px 0px 0px 0px;}.wpcp-wrapper-119 .swiper-wrapper .swiper-slide-kenburn, .wpcp-wrapper-119 .swiper-wrapper, .wpcp-wrapper-119 .wpcpro-row{align-items: center;}#sp-wp-carousel-free-id-119 .wpcp-single-item {box-shadow: 0px 0px 0px 0px #dddddd;transition: all .3s;margin: 0px;}#sp-wp-carousel-free-id-119.swiper-flip .wpcp-single-item{margin: 0!important;}#sp-wp-carousel-free-id-119 .wpcp-single-item:hover {box-shadow: 0px 0px 0px 0px #dddddd;}#sp-wp-carousel-free-id-119.sp-wpcp-119 .wpcp-single-item {border: 1px solid #dddddd;}#sp-wp-carousel-free-id-119.sp-wpcp-119 .swiper-button-prev,#sp-wp-carousel-free-id-119.sp-wpcp-119 .swiper-button-next,#sp-wp-carousel-free-id-119.sp-wpcp-119 .swiper-button-prev:hover,#sp-wp-carousel-free-id-119.sp-wpcp-119 .swiper-button-next:hover {background: none;border: none;font-size: 30px;}#sp-wp-carousel-free-id-119.sp-wpcp-119 .swiper-button-prev i,#sp-wp-carousel-free-id-119.sp-wpcp-119 .swiper-button-next i {color: #aaa;}#sp-wp-carousel-free-id-119.sp-wpcp-119 .swiper-button-prev i:hover,#sp-wp-carousel-free-id-119.sp-wpcp-119 .swiper-button-next i:hover {color: #178087;}#sp-wp-carousel-free-id-119.sp-wpcp-119 .wpcp-swiper-dots .swiper-pagination-bullet {background-color: #cccccc;}#sp-wp-carousel-free-id-119.sp-wpcp-119 .wpcp-swiper-dots .swiper-pagination-bullet.swiper-pagination-bullet-active {background-color: #178087;}.wpcp-carousel-wrapper.wpcp-wrapper-119 .wpcpro-post-pagination{text-align: center;}.wpcp-wrapper-119 .wpcpro-post-pagination .page-numbers{color: #5e5e5e;border-color: #dddddd;background: #ffffff;}.wpcp-wrapper-119 .wpcpro-post-pagination .page-numbers:hover,.wpcp-wrapper-119 .wpcpro-post-pagination .page-numbers.current,.wpcp-wrapper-119 .wpcpro-post-pagination .page-numbers.current{color: #ffffff;border-color: #178087;background: #178087;} #sp-wp-carousel-free-id-119.sp-wpcp-119.wpcp-image-carousel .wpcp-single-item:hover img, #sp-wp-carousel-free-id-119.sp-wpcp-119.wpcp-post-carousel .wpcp-single-item:hover img, #sp-wp-carousel-free-id-119.sp-wpcp-119.wpcp-product-carousel .wpcp-single-item:hover img{-webkit-transform: scale(1.2);-moz-transform: scale(1.2);transform: scale(1.2);}#sp-wp-carousel-free-id-119 .wpcpro-row>[class*=\"wpcpro-col-\"] { padding: 0 10px; padding-bottom: 20px;} #sp-wp-carousel-free-id-119 .swiper-slide .single-item-fade:not(:last-child) { margin-right: 20px;}@media (min-width: 480px) { .wpcpro-row .wpcpro-col-sm-1 { flex: 0 0 100%; max-width: 100%; } .wpcpro-row .wpcpro-col-sm-2 { flex: 0 0 50%; max-width: 50%; } .wpcpro-row .wpcpro-col-sm-2-5 { flex: 0 0 75%; max-width: 75%; } .wpcpro-row .wpcpro-col-sm-3 { flex: 0 0 33.333%; max-width: 33.333%; } .wpcpro-row .wpcpro-col-sm-4 { flex: 0 0 25%; max-width: 25%; } .wpcpro-row .wpcpro-col-sm-5 { flex: 0 0 20%; max-width: 20%; } .wpcpro-row .wpcpro-col-sm-6 { flex: 0 0 16.66666666666667%; max-width: 16.66666666666667%; } .wpcpro-row .wpcpro-col-sm-7 { flex: 0 0 14.28571428%; max-width: 14.28571428%; } .wpcpro-row .wpcpro-col-sm-8 { flex: 0 0 12.5%; max-width: 12.5%; } } @media (max-width: 480px) { .wpcpro-row .wpcpro-col-xs-1 { flex: 0 0 100%; max-width: 100%; } .wpcpro-row .wpcpro-col-xs-2 { flex: 0 0 50%; max-width: 50%; } .wpcpro-row .wpcpro-col-xs-3 { flex: 0 0 33.222%; max-width: 33.222%; } .wpcpro-row .wpcpro-col-xs-4 { flex: 0 0 25%; max-width: 25%; } .wpcpro-row .wpcpro-col-xs-5 { flex: 0 0 20%; max-width: 20%; } .wpcpro-row .wpcpro-col-xs-6 { flex: 0 0 16.6667%; max-width: 16.6667%; } .wpcpro-row .wpcpro-col-xs-7 { flex: 0 0 14.28571428%; max-width: 14.28571428%; } .wpcpro-row .wpcpro-col-xs-8 { flex: 0 0 12.5%; max-width: 12.5%; } } @media (min-width: 736px) { .wpcpro-row .wpcpro-col-md-1 { flex: 0 0 100%; max-width: 100%; } .wpcpro-row .wpcpro-col-md-2 { flex: 0 0 50%; max-width: 50%; } .wpcpro-row .wpcpro-col-md-2-5 { flex: 0 0 75%; max-width: 75%; } .wpcpro-row .wpcpro-col-md-3 { flex: 0 0 33.333%; max-width: 33.333%; } .wpcpro-row .wpcpro-col-md-4 { flex: 0 0 25%; max-width: 25%; } .wpcpro-row .wpcpro-col-md-5 { flex: 0 0 20%; max-width: 20%; } .wpcpro-row .wpcpro-col-md-6 { flex: 0 0 16.66666666666667%; max-width: 16.66666666666667%; } .wpcpro-row .wpcpro-col-md-7 { flex: 0 0 14.28571428%; max-width: 14.28571428%; } .wpcpro-row .wpcpro-col-md-8 { flex: 0 0 12.5%; max-width: 12.5%; } } @media (min-width: 980px) { .wpcpro-row .wpcpro-col-lg-1 { flex: 0 0 100%; max-width: 100%; } .wpcpro-row .wpcpro-col-lg-2 { flex: 0 0 50%; max-width: 50%; } .wpcpro-row .wpcpro-col-lg-3 { flex: 0 0 33.222%; max-width: 33.222%; } .wpcpro-row .wpcpro-col-lg-4 { flex: 0 0 25%; max-width: 25%; } .wpcpro-row .wpcpro-col-lg-5 { flex: 0 0 20%; max-width: 20%; } .wpcpro-row .wpcpro-col-lg-6 { flex: 0 0 16.6667%; max-width: 16.6667%; } .wpcpro-row .wpcpro-col-lg-7 { flex: 0 0 14.28571428%; max-width: 14.28571428%; } .wpcpro-row .wpcpro-col-lg-8 { flex: 0 0 12.5%; max-width: 12.5%; } } @media (min-width: 1200px) { .wpcpro-row .wpcpro-col-xl-1 { flex: 0 0 100%; max-width: 100%; } .wpcpro-row .wpcpro-col-xl-2 { flex: 0 0 50%; max-width: 50%; } .wpcpro-row .wpcpro-col-xl-3 { flex: 0 0 33.22222222%; max-width: 33.22222222%; } .wpcpro-row .wpcpro-col-xl-4 { flex: 0 0 25%; max-width: 25%; } .wpcpro-row .wpcpro-col-xl-5 { flex: 0 0 20%; max-width: 20%; } .wpcpro-row .wpcpro-col-xl-6 { flex: 0 0 16.66667%; max-width: 16.66667%; } .wpcpro-row .wpcpro-col-xl-7 { flex: 0 0 14.28571428%; max-width: 14.28571428%; } .wpcpro-row .wpcpro-col-xl-8 { flex: 0 0 12.5%; max-width: 12.5%; } }<\/style><div class=\"wpcp-carousel-wrapper wpcp-wrapper-119\">\n\t<div id=\"wpcp-preloader-119\" class=\"wpcp-carousel-preloader\"><img decoding=\"async\" src=\"https:\/\/trotamundos.lrembecki.pl\/wp-content\/plugins\/wp-carousel-free\/public\/css\/spinner.svg\" alt=\"Preloader Image\" \/><\/div>\t<div id=\"sp-wp-carousel-free-id-119\" class=\"wpcp-carousel-section sp-wpcp-119 wpcp-gallery-wrapper wpcp-preloader\" >\n\t\t<div class=\"wpcpro-row\">\n\t\t\t<div class=\"wpcpro-col-xs-1 wpcpro-col-sm-2  wpcpro-col-md-3 wpcpro-col-lg-4 wpcpro-col-xl-5\">\n\t<div class=\"wpcp-single-item wcp-video-item\">\n\t\t<a class=\"wcp-light-box\" data-buttons='[\"close\"]' href=\"https:\/\/www.youtube.com\/watch?v=K1nsnGazNWc\"  data-fancybox=\"wpcp_view\">\n\t\t<img loading=\"lazy\" decoding=\"async\" src=\"https:\/\/img.youtube.com\/vi_webp\/K1nsnGazNWc\/hqdefault.webp\" width=\"480\" height=\"360\" alt=\"youtube-video-thumbnail\">\n\t\t\t\t<i class=\"fa fa-play-circle-o\" aria-hidden=\"true\"><\/i>\n\t\t<\/a>\n\t<\/div>\n<\/div>\n<div class=\"wpcpro-col-xs-1 wpcpro-col-sm-2  wpcpro-col-md-3 wpcpro-col-lg-4 wpcpro-col-xl-5\">\n\t<div class=\"wpcp-single-item wcp-video-item\">\n\t\t<a class=\"wcp-light-box\" data-buttons='[\"close\"]' href=\"https:\/\/www.youtube.com\/watch?v=T06GLlxkFgE\"  data-fancybox=\"wpcp_view\">\n\t\t<img loading=\"lazy\" decoding=\"async\" src=\"https:\/\/img.youtube.com\/vi_webp\/T06GLlxkFgE\/hqdefault.webp\" width=\"480\" height=\"360\" alt=\"youtube-video-thumbnail\">\n\t\t\t\t<i class=\"fa fa-play-circle-o\" aria-hidden=\"true\"><\/i>\n\t\t<\/a>\n\t<\/div>\n<\/div>\n<div class=\"wpcpro-col-xs-1 wpcpro-col-sm-2  wpcpro-col-md-3 wpcpro-col-lg-4 wpcpro-col-xl-5\">\n\t<div class=\"wpcp-single-item wcp-video-item\">\n\t\t<a class=\"wcp-light-box\" data-buttons='[\"close\"]' href=\"https:\/\/www.youtube.com\/watch?v=T06GLlxkFgE\"  data-fancybox=\"wpcp_view\">\n\t\t<img loading=\"lazy\" decoding=\"async\" src=\"https:\/\/img.youtube.com\/vi_webp\/T06GLlxkFgE\/hqdefault.webp\" width=\"480\" height=\"360\" alt=\"youtube-video-thumbnail\">\n\t\t\t\t<i class=\"fa fa-play-circle-o\" aria-hidden=\"true\"><\/i>\n\t\t<\/a>\n\t<\/div>\n<\/div>\n\t\t<\/div>\n\t<\/div>\n\t<\/div> <!-- \/\/ Carousel Wrapper. -->\n<\/div>","protected":false},"excerpt":{"rendered":"<p>Jak dzia\u0142amy Siema! Na pocz\u0105tek ciut o nas\u2026 Nazywamy si\u0119 Laura i Jakub Karpowicz. Poznali\u015bmy si\u0119 w 2014 roku na \u0142\u00f3dzkich Juwenaliach. Od razu po\u0142\u0105czy\u0142a nas nie tylko mi\u0142o\u015b\u0107 do siebie nawzajem a te\u017c mi\u0142o\u015b\u0107 do podr\u00f3\u017cy. W 2016 roku zar\u0119czyli\u015bmy si\u0119 w Emiratach Arabskich, a w 2022 wzi\u0119li\u015bmy \u015blub w raju &#8211; na Hawajach. &hellip; <\/p>\n<p class=\"link-more\"><a href=\"https:\/\/trotamundos.lrembecki.pl\/\" class=\"more-link\">Read more<span class=\"screen-reader-text\"> &#8222;Trotamundos &#8211; Kreatorzy podr\u00f3\u017cy&#8221;<\/span><\/a><\/p>\n","protected":false},"author":1,"featured_media":0,"parent":0,"menu_order":0,"comment_status":"closed","ping_status":"closed","template":"","meta":{"footnotes":""},"class_list":["post-36","page","type-page","status-publish","hentry"],"_links":{"self":[{"href":"https:\/\/trotamundos.lrembecki.pl\/index.php\/wp-json\/wp\/v2\/pages\/36","targetHints":{"allow":["GET"]}}],"collection":[{"href":"https:\/\/trotamundos.lrembecki.pl\/index.php\/wp-json\/wp\/v2\/pages"}],"about":[{"href":"https:\/\/trotamundos.lrembecki.pl\/index.php\/wp-json\/wp\/v2\/types\/page"}],"author":[{"embeddable":true,"href":"https:\/\/trotamundos.lrembecki.pl\/index.php\/wp-json\/wp\/v2\/users\/1"}],"replies":[{"embeddable":true,"href":"https:\/\/trotamundos.lrembecki.pl\/index.php\/wp-json\/wp\/v2\/comments?post=36"}],"version-history":[{"count":11,"href":"https:\/\/trotamundos.lrembecki.pl\/index.php\/wp-json\/wp\/v2\/pages\/36\/revisions"}],"predecessor-version":[{"id":120,"href":"https:\/\/trotamundos.lrembecki.pl\/index.php\/wp-json\/wp\/v2\/pages\/36\/revisions\/120"}],"wp:attachment":[{"href":"https:\/\/trotamundos.lrembecki.pl\/index.php\/wp-json\/wp\/v2\/media?parent=36"}],"curies":[{"name":"wp","href":"https:\/\/api.w.org\/{rel}","templated":true}]}}